{"id":2686,"date":"2016-02-04T18:59:19","date_gmt":"2016-02-04T17:59:19","guid":{"rendered":"http:\/\/www.apartments-frgacic-baska.com\/hr\/?page_id=2686"},"modified":"2024-06-06T13:10:59","modified_gmt":"2024-06-06T12:10:59","slug":"kontakt","status":"publish","type":"page","link":"http:\/\/www.apartments-frgacic-baska.com\/hr\/kontakt\/","title":{"rendered":"Kontakt"},"content":{"rendered":"<p><div class=\"fusion-fullwidth fullwidth-box fusion-builder-row-1 nonhundred-percent-fullwidth non-hundred-percent-height-scrolling\" style=\"--awb-background-position:left top;--awb-border-radius-top-left:0px;--awb-border-radius-top-right:0px;--awb-border-radius-bottom-right:0px;--awb-border-radius-bottom-left:0px;--awb-padding-top:0px;--awb-padding-bottom:0px;--awb-border-sizes-top:0px;--awb-border-sizes-bottom:0px;--awb-flex-wrap:wrap;\" ><div class=\"fusion-builder-row fusion-row\"><div class=\"fusion-layout-column fusion_builder_column fusion-builder-column-0 fusion_builder_column_1_1 1_1 fusion-one-full fusion-column-first fusion-column-last\" style=\"--awb-bg-size:cover;\"><div class=\"fusion-column-wrapper fusion-flex-column-wrapper-legacy\"><div class=\"fusion-text fusion-text-1\"><p style=\"letter-spacing: 4px; font-size: 13px; margin-bottom: 0px; text-align: left;\">KONTAKT<\/p>\n<h1 style=\"text-align: left;\">Rezervirajte va\u0161 odmor!<\/h1>\n<\/div><div class=\"fusion-sep-clear\"><\/div><div class=\"fusion-separator fusion-clearfix\" style=\"float:left;margin-top:0px;margin-bottom:20px;width:100%;max-width:50px;\"><div class=\"fusion-separator-border sep-single sep-solid\" style=\"--awb-height:20px;--awb-amount:20px;--awb-sep-color:#cbaa5c;border-color:#cbaa5c;border-top-width:2px;\"><\/div><\/div><div class=\"fusion-sep-clear\"><\/div><div class=\"fusion-text fusion-text-2\"><p style=\"text-align: left;\">Ako \u017eelite provesti svoj odmor u na\u0161im apartmanima, po\u0161aljite nam e-mail, ispunite kontakt obrazac ili nas nazovite na jedan od navedenih brojeva.<\/p>\n<\/div><div class=\"fusion-text fusion-text-3\"><p><strong>Apartmani Frga\u010di\u0107, Ba\u0161ka, <\/strong>Vinogradska 13, 51523 Ba\u0161ka &#8211; HR<\/p>\n<p>Kontakt osoba: Goran Frga\u010di\u0107<br \/>\nTel: +385 91 221 0041<br \/>\nE-mail: <a href=\"mailto:g.frgacic@gmail.com\">g.frgacic@gmail.com<\/a><\/p>\n<\/div><div class=\"fusion-clearfix\"><\/div><\/div><\/div><\/div><\/div><div class=\"fusion-fullwidth fullwidth-box fusion-builder-row-2 fusion-parallax-none nonhundred-percent-fullwidth non-hundred-percent-height-scrolling\" style=\"--awb-background-position:left top;--awb-border-radius-top-left:0px;--awb-border-radius-top-right:0px;--awb-border-radius-bottom-right:0px;--awb-border-radius-bottom-left:0px;--awb-padding-top:50px;--awb-padding-bottom:0px;--awb-background-image:url(&quot;http:\/\/www.apartments-frgacic-baska.com\/wp-content\/uploads\/2016\/02\/shadow13-300x13.png&quot;);--awb-background-size:cover;--awb-border-sizes-top:0px;--awb-border-sizes-bottom:0px;--awb-flex-wrap:wrap;\" ><div class=\"fusion-builder-row fusion-row\"><\/div><\/div><div class=\"fusion-fullwidth fullwidth-box fusion-builder-row-3 fusion-parallax-none nonhundred-percent-fullwidth non-hundred-percent-height-scrolling\" style=\"--awb-background-position:left top;--awb-background-repeat:repeat-x;--awb-border-radius-top-left:0px;--awb-border-radius-top-right:0px;--awb-border-radius-bottom-right:0px;--awb-border-radius-bottom-left:0px;--awb-padding-top:50px;--awb-padding-bottom:0px;--awb-background-image:url(&quot;http:\/\/www.apartments-frgacic-baska.com\/wp-content\/uploads\/2016\/02\/patt-4-10x300.png&quot;);--awb-border-sizes-top:0px;--awb-border-sizes-bottom:0px;--awb-flex-wrap:wrap;\" ><div class=\"fusion-builder-row fusion-row\"><div class=\"fusion-layout-column fusion_builder_column fusion-builder-column-1 fusion_builder_column_1_1 1_1 fusion-one-full fusion-column-first fusion-column-last fusion-column-no-min-height\" style=\"--awb-bg-size:cover;--awb-margin-bottom:0px;\"><div class=\"fusion-column-wrapper fusion-flex-column-wrapper-legacy\"><div class=\"fusion-fa-align-center\"><i class=\"fb-icon-element-1 fb-icon-element fontawesome-icon fa fa-pencil circle-no\" style=\"--awb-iconcolor:#bc9c50;--awb-iconcolor-hover:#bc9c50;--awb-font-size:30px;\"><\/i><\/div><div class=\"fusion-text fusion-text-4\"><h2 style=\"text-align: center;\"><span id=\"result_box\" class=\"short_text\" lang=\"hr\"><span class=\"hps\">Po\u0161alji upit<br \/>\n<\/span><\/span><\/h2>\n<\/div><div class=\"fusion-sep-clear\"><\/div><div class=\"fusion-separator\" style=\"margin-left: auto;margin-right: auto;margin-top:0px;margin-bottom:20px;width:100%;max-width:50px;\"><div class=\"fusion-separator-border sep-single sep-solid\" style=\"--awb-height:20px;--awb-amount:20px;--awb-sep-color:#cbaa5c;border-color:#cbaa5c;border-top-width:2px;\"><\/div><\/div><div class=\"fusion-sep-clear\"><\/div><div class=\"fusion-text fusion-text-5\"><p style=\"text-align: center;\">\n<div class=\"wpcf7 no-js\" id=\"wpcf7-f2542-o1\" lang=\"hr\" dir=\"ltr\">\n<div class=\"screen-reader-response\"><p role=\"status\" aria-live=\"polite\" aria-atomic=\"true\"><\/p> <ul><\/ul><\/div>\n<form action=\"\/hr\/wp-json\/wp\/v2\/pages\/2686#wpcf7-f2542-o1\" method=\"post\" class=\"wpcf7-form init\" aria-label=\"Kontakt obrazac\" novalidate=\"novalidate\" data-status=\"init\">\n<div style=\"display: none;\">\n<input type=\"hidden\" name=\"_wpcf7\" value=\"2542\" \/>\n<input type=\"hidden\" name=\"_wpcf7_version\" value=\"5.9.5\" \/>\n<input type=\"hidden\" name=\"_wpcf7_locale\" value=\"hr\" \/>\n<input type=\"hidden\" name=\"_wpcf7_unit_tag\" value=\"wpcf7-f2542-o1\" \/>\n<input type=\"hidden\" name=\"_wpcf7_container_post\" value=\"0\" \/>\n<input type=\"hidden\" name=\"_wpcf7_posted_data_hash\" value=\"\" \/>\n<input type=\"hidden\" name=\"_wpcf7_recaptcha_response\" value=\"\" \/>\n<\/div>\n<div class=\"fusion-one-half fusion-layout-column fusion-spacing-yes\">\n\t<p>Ime <span class=\"wpcf7-form-control-wrap\" data-name=\"your-name\"><input size=\"40\" class=\"wpcf7-form-control wpcf7-text wpcf7-validates-as-required\" aria-required=\"true\" aria-invalid=\"false\" value=\"\" type=\"text\" name=\"your-name\" \/><\/span>\n\t<\/p>\n<\/div>\n<div class=\"fusion-one-half fusion-layout-column fusion-column-last fusion-spacing-yes\">\n\t<p>E-mail <span class=\"wpcf7-form-control-wrap\" data-name=\"your-email\"><input size=\"40\" class=\"wpcf7-form-control wpcf7-text wpcf7-validates-as-required\" aria-required=\"true\" aria-invalid=\"false\" value=\"\" type=\"text\" name=\"your-email\" \/><\/span>\n\t<\/p>\n<\/div>\n<div class=\"fusion-one-half fusion-layout-column fusion-spacing-yes\">\n\t<p>Datum dolaska <span class=\"wpcf7-form-control-wrap datum-dolaska\"><input size=\"40\" class=\"wpcf7-form-control wpcf7-date wpcf7-validates-as-required\" type=\"text\" aria-required=\"true\" value=\"\" name=\"datum-dolaska\" \/> <\/span>\n\t<\/p>\n<\/div>\n<div class=\"fusion-one-half fusion-layout-column fusion-column-last fusion-spacing-yes\">\n\t<p>Datum odlaska <span class=\"wpcf7-form-control-wrap datum-odlaska\"><input size=\"40\" class=\"wpcf7-form-control wpcf7-date wpcf7-validates-as-required\" type=\"text\" aria-required=\"true\" value=\"\" name=\"datum-odlaska\" \/> <\/span>\n\t<\/p>\n<\/div>\n<div class=\"fusion-one-third fusion-layout-column fusion-spacing-yes\">\n\t<p>Smje\u0161taj <span class=\"wpcf7-form-control-wrap\" data-name=\"unterkunft\"><select class=\"wpcf7-form-control wpcf7-select wpcf7-validates-as-required\" aria-required=\"true\" aria-invalid=\"false\" name=\"unterkunft\"><option value=\"Apartman br. 1 - Lila\">Apartman br. 1 - Lila<\/option><option value=\"Apartman br. 2 - Zeleni\">Apartman br. 2 - Zeleni<\/option><option value=\"Apartman br. 3 -  naran\u010dasti\">Apartman br. 3 -  naran\u010dasti<\/option><option value=\"Apartman br. 4 - \u017duti\">Apartman br. 4 - \u017duti<\/option><option value=\"Apartman br. 5 -  Plavi\">Apartman br. 5 -  Plavi<\/option><option value=\"Apartman br. 6 -  Studio-Apartman\">Apartman br. 6 -  Studio-Apartman<\/option><\/select><\/span>\n\t<\/p>\n<\/div>\n<div class=\"fusion-one-third fusion-layout-column fusion-spacing-yes\">\n\t<p>Broj osoba <span class=\"wpcf7-form-control-wrap\" data-name=\"broj-osoba\"><input class=\"wpcf7-form-control wpcf7-number wpcf7-validates-as-number\" min=\"1\" max=\"6\" aria-invalid=\"false\" value=\"1\" type=\"number\" name=\"broj-osoba\" \/><\/span>\n\t<\/p>\n<\/div>\n<div class=\"fusion-one-third fusion-layout-column fusion-column-last fusion-spacing-yes\">\n\t<p>Broj djece <span class=\"wpcf7-form-control-wrap\" data-name=\"broj-djece\"><input class=\"wpcf7-form-control wpcf7-number wpcf7-validates-as-number\" min=\"0\" max=\"5\" aria-invalid=\"false\" value=\"0\" type=\"number\" name=\"broj-djece\" \/><\/span>\n\t<\/p>\n<\/div>\n<div class=\"fullwidth fusion-layout-column fusion-spacing-yes\">\n<span class=\"wpcf7-form-control-wrap recaptcha\" data-name=\"recaptcha\"><span data-sitekey=\"6LciWPIpAAAAAJBbRr9AgY7vcQoUa_Y4iFBLtIrx\" class=\"wpcf7-form-control wpcf7-recaptcha g-recaptcha\"><\/span>\r\n<noscript>\r\n\t<div class=\"grecaptcha-noscript\">\r\n\t\t<iframe src=\"https:\/\/www.google.com\/recaptcha\/api\/fallback?k=6LciWPIpAAAAAJBbRr9AgY7vcQoUa_Y4iFBLtIrx\" frameborder=\"0\" scrolling=\"no\" width=\"310\" height=\"430\">\r\n\t\t<\/iframe>\r\n\t\t<textarea name=\"g-recaptcha-response\" rows=\"3\" cols=\"40\" placeholder=\"reCaptcha Response Here\">\r\n\t\t<\/textarea>\r\n\t<\/div>\r\n<\/noscript>\r\n<\/span>\n<\/div>\n<div class=\"fullwidth fusion-layout-column fusion-spacing-yes\">\n\t<p><input class=\"wpcf7-form-control wpcf7-submit has-spinner\" type=\"submit\" value=\"Po\u0161alji\" \/>\n\t<\/p>\n<\/div><div class=\"fusion-alert alert custom alert-custom fusion-alert-center wpcf7-response-output awb-alert-native-link-color alert-dismissable awb-alert-close-boxed\" style=\"--awb-border-size:1px;--awb-border-top-left-radius:0px;--awb-border-top-right-radius:0px;--awb-border-bottom-left-radius:0px;--awb-border-bottom-right-radius:0px;\" role=\"alert\"><div class=\"fusion-alert-content-wrapper\"><span class=\"fusion-alert-content\"><\/span><\/div><button type=\"button\" class=\"close toggle-alert\" data-dismiss=\"alert\" aria-label=\"Close\">&times;<\/button><\/div>\n<\/form>\n<\/div>\n<\/p>\n<\/div><div class=\"fusion-clearfix\"><\/div><\/div><\/div><\/div><\/div><div class=\"fusion-fullwidth fullwidth-box fusion-builder-row-4 fusion-parallax-none nonhundred-percent-fullwidth non-hundred-percent-height-scrolling\" style=\"--awb-background-position:left top;--awb-border-radius-top-left:0px;--awb-border-radius-top-right:0px;--awb-border-radius-bottom-right:0px;--awb-border-radius-bottom-left:0px;--awb-padding-top:50px;--awb-padding-bottom:0px;--awb-background-image:url(&quot;http:\/\/www.apartments-frgacic-baska.com\/wp-content\/uploads\/2016\/02\/shadow13-300x13.png&quot;);--awb-background-size:cover;--awb-border-sizes-top:0px;--awb-border-sizes-bottom:0px;--awb-flex-wrap:wrap;\" ><div class=\"fusion-builder-row fusion-row\"><\/div><\/div><div class=\"fusion-fullwidth fullwidth-box fusion-builder-row-5 fusion-parallax-none nonhundred-percent-fullwidth non-hundred-percent-height-scrolling\" style=\"--awb-background-position:left top;--awb-background-repeat:repeat;--awb-border-radius-top-left:0px;--awb-border-radius-top-right:0px;--awb-border-radius-bottom-right:0px;--awb-border-radius-bottom-left:0px;--awb-padding-top:25px;--awb-padding-bottom:55px;--awb-background-image:url(&quot;http:\/\/www.apartments-frgacic-baska.com\/wp-content\/uploads\/2016\/02\/patt-1.png&quot;);--awb-border-sizes-top:0px;--awb-border-sizes-bottom:0px;--awb-flex-wrap:wrap;\" ><div class=\"fusion-builder-row fusion-row\"><div class=\"fusion-layout-column fusion_builder_column fusion-builder-column-2 fusion_builder_column_1_1 1_1 fusion-one-full fusion-column-first fusion-column-last\" style=\"--awb-bg-size:cover;\"><div class=\"fusion-column-wrapper fusion-flex-column-wrapper-legacy\"><div class=\"fusion-fa-align-center\"><i class=\"fb-icon-element-2 fb-icon-element fontawesome-icon fa fa-book circle-no\" style=\"--awb-iconcolor:#bc9c50;--awb-iconcolor-hover:#bc9c50;--awb-font-size:30px;\"><\/i><\/div><div class=\"fusion-text fusion-text-6\"><h3 style=\"text-align: center;\"><span id=\"result_box\" class=\"short_text\" lang=\"hr\"><span class=\"hps\"><span id=\"result_box\" class=\"short_text\" lang=\"en\">Uvjeti rezervacije<br \/>\n<\/span><\/span><\/span><\/h3>\n<\/div><div class=\"fusion-sep-clear\"><\/div><div class=\"fusion-separator\" style=\"margin-left: auto;margin-right: auto;margin-top:0px;margin-bottom:20px;width:100%;max-width:50px;\"><div class=\"fusion-separator-border sep-single sep-solid\" style=\"--awb-height:20px;--awb-amount:20px;--awb-sep-color:#cbaa5c;border-color:#cbaa5c;border-top-width:2px;\"><\/div><\/div><div class=\"fusion-sep-clear\"><\/div><div class=\"fusion-clearfix\"><\/div><\/div><\/div><div class=\"fusion-layout-column fusion_builder_column fusion-builder-column-3 fusion_builder_column_1_2 1_2 fusion-one-half fusion-column-first\" style=\"--awb-bg-size:cover;width:48%; margin-right: 4%;\"><div class=\"fusion-column-wrapper fusion-flex-column-wrapper-legacy\"><div class=\"fusion-text fusion-text-7\"><p><strong>Pla\u0107anje:<br \/>\n<\/strong>akontacija iznosi 30% od ukupnog iznosa. Kompletan iznos se pla\u0107a na dan dolaska, u kunama ili eurima. Primamo samo gotovinu.<\/p>\n<p><strong>Otkazivanje:<\/strong><br \/>\niznos (akontacija) pla\u0107en unaprijed se ne vra\u0107a.<\/p>\n<\/div><div class=\"fusion-clearfix\"><\/div><\/div><\/div><div class=\"fusion-layout-column fusion_builder_column fusion-builder-column-4 fusion_builder_column_1_2 1_2 fusion-one-half fusion-column-last\" style=\"--awb-bg-size:cover;width:48%;\"><div class=\"fusion-column-wrapper fusion-flex-column-wrapper-legacy\"><div class=\"fusion-text fusion-text-8\"><p><strong>Check in\/out:<\/strong><br \/>\nCheck in: 14:00 &#8211; 20:00<br \/>\nCheck out: 7:00 &#8211; 10:00<\/p>\n<\/div><div class=\"fusion-clearfix\"><\/div><\/div><\/div><\/div><\/div><\/p>\n","protected":false},"excerpt":{"rendered":"","protected":false},"author":1,"featured_media":0,"parent":0,"menu_order":0,"comment_status":"closed","ping_status":"closed","template":"100-width.php","meta":{"footnotes":""},"yoast_head":"<!-- This site is optimized with the Yoast SEO plugin v22.8 - https:\/\/yoast.com\/wordpress\/plugins\/seo\/ -->\n<title>Kontakt - Apartmani Frga\u010di\u0107 Ba\u0161ka<\/title>\n<meta name=\"description\" content=\"Ako \u017eelite provesti svoj odmor u na\u0161im apartmanima, po\u0161aljite nam e-mail, ispunite kontakt obrazac ili nas nazovite na jedan od navedenih brojeva.\" \/>\n<meta name=\"robots\" content=\"index, follow, max-snippet:-1, max-image-preview:large, max-video-preview:-1\" \/>\n<link rel=\"canonical\" href=\"http:\/\/www.apartments-frgacic-baska.com\/hr\/kontakt\/\" \/>\n<meta property=\"og:locale\" content=\"hr_HR\" \/>\n<meta property=\"og:type\" content=\"article\" \/>\n<meta property=\"og:title\" content=\"Kontakt - Apartmani Frga\u010di\u0107 Ba\u0161ka\" \/>\n<meta property=\"og:description\" content=\"Ako \u017eelite provesti svoj odmor u na\u0161im apartmanima, po\u0161aljite nam e-mail, ispunite kontakt obrazac ili nas nazovite na jedan od navedenih brojeva.\" \/>\n<meta property=\"og:url\" content=\"http:\/\/www.apartments-frgacic-baska.com\/hr\/kontakt\/\" \/>\n<meta property=\"og:site_name\" content=\"Apartments Frgacic Baska\" \/>\n<meta property=\"article:modified_time\" content=\"2024-06-06T12:10:59+00:00\" \/>\n<meta name=\"twitter:card\" content=\"summary_large_image\" \/>\n<meta name=\"twitter:label1\" content=\"Procijenjeno vrijeme \u010ditanja\" \/>\n\t<meta name=\"twitter:data1\" content=\"5 minuta\" \/>\n<script type=\"application\/ld+json\" class=\"yoast-schema-graph\">{\"@context\":\"https:\/\/schema.org\",\"@graph\":[{\"@type\":\"WebPage\",\"@id\":\"http:\/\/www.apartments-frgacic-baska.com\/hr\/kontakt\/\",\"url\":\"http:\/\/www.apartments-frgacic-baska.com\/hr\/kontakt\/\",\"name\":\"Kontakt - Apartmani Frga\u010di\u0107 Ba\u0161ka\",\"isPartOf\":{\"@id\":\"http:\/\/www.apartments-frgacic-baska.com\/#website\"},\"datePublished\":\"2016-02-04T17:59:19+00:00\",\"dateModified\":\"2024-06-06T12:10:59+00:00\",\"description\":\"Ako \u017eelite provesti svoj odmor u na\u0161im apartmanima, po\u0161aljite nam e-mail, ispunite kontakt obrazac ili nas nazovite na jedan od navedenih brojeva.\",\"breadcrumb\":{\"@id\":\"http:\/\/www.apartments-frgacic-baska.com\/hr\/kontakt\/#breadcrumb\"},\"inLanguage\":\"hr\",\"potentialAction\":[{\"@type\":\"ReadAction\",\"target\":[\"http:\/\/www.apartments-frgacic-baska.com\/hr\/kontakt\/\"]}]},{\"@type\":\"BreadcrumbList\",\"@id\":\"http:\/\/www.apartments-frgacic-baska.com\/hr\/kontakt\/#breadcrumb\",\"itemListElement\":[{\"@type\":\"ListItem\",\"position\":1,\"name\":\"Home\",\"item\":\"http:\/\/www.apartments-frgacic-baska.com\/hr\/\"},{\"@type\":\"ListItem\",\"position\":2,\"name\":\"Kontakt\"}]},{\"@type\":\"WebSite\",\"@id\":\"http:\/\/www.apartments-frgacic-baska.com\/#website\",\"url\":\"http:\/\/www.apartments-frgacic-baska.com\/\",\"name\":\"Apartments Frgacic Baska\",\"description\":\"Apartments in Baska, island Krk\",\"potentialAction\":[{\"@type\":\"SearchAction\",\"target\":{\"@type\":\"EntryPoint\",\"urlTemplate\":\"http:\/\/www.apartments-frgacic-baska.com\/?s={search_term_string}\"},\"query-input\":\"required name=search_term_string\"}],\"inLanguage\":\"hr\"}]}<\/script>\n<!-- \/ Yoast SEO plugin. -->","yoast_head_json":{"title":"Kontakt - Apartmani Frga\u010di\u0107 Ba\u0161ka","description":"Ako \u017eelite provesti svoj odmor u na\u0161im apartmanima, po\u0161aljite nam e-mail, ispunite kontakt obrazac ili nas nazovite na jedan od navedenih brojeva.","robots":{"index":"index","follow":"follow","max-snippet":"max-snippet:-1","max-image-preview":"max-image-preview:large","max-video-preview":"max-video-preview:-1"},"canonical":"http:\/\/www.apartments-frgacic-baska.com\/hr\/kontakt\/","og_locale":"hr_HR","og_type":"article","og_title":"Kontakt - Apartmani Frga\u010di\u0107 Ba\u0161ka","og_description":"Ako \u017eelite provesti svoj odmor u na\u0161im apartmanima, po\u0161aljite nam e-mail, ispunite kontakt obrazac ili nas nazovite na jedan od navedenih brojeva.","og_url":"http:\/\/www.apartments-frgacic-baska.com\/hr\/kontakt\/","og_site_name":"Apartments Frgacic Baska","article_modified_time":"2024-06-06T12:10:59+00:00","twitter_card":"summary_large_image","twitter_misc":{"Procijenjeno vrijeme \u010ditanja":"5 minuta"},"schema":{"@context":"https:\/\/schema.org","@graph":[{"@type":"WebPage","@id":"http:\/\/www.apartments-frgacic-baska.com\/hr\/kontakt\/","url":"http:\/\/www.apartments-frgacic-baska.com\/hr\/kontakt\/","name":"Kontakt - Apartmani Frga\u010di\u0107 Ba\u0161ka","isPartOf":{"@id":"http:\/\/www.apartments-frgacic-baska.com\/#website"},"datePublished":"2016-02-04T17:59:19+00:00","dateModified":"2024-06-06T12:10:59+00:00","description":"Ako \u017eelite provesti svoj odmor u na\u0161im apartmanima, po\u0161aljite nam e-mail, ispunite kontakt obrazac ili nas nazovite na jedan od navedenih brojeva.","breadcrumb":{"@id":"http:\/\/www.apartments-frgacic-baska.com\/hr\/kontakt\/#breadcrumb"},"inLanguage":"hr","potentialAction":[{"@type":"ReadAction","target":["http:\/\/www.apartments-frgacic-baska.com\/hr\/kontakt\/"]}]},{"@type":"BreadcrumbList","@id":"http:\/\/www.apartments-frgacic-baska.com\/hr\/kontakt\/#breadcrumb","itemListElement":[{"@type":"ListItem","position":1,"name":"Home","item":"http:\/\/www.apartments-frgacic-baska.com\/hr\/"},{"@type":"ListItem","position":2,"name":"Kontakt"}]},{"@type":"WebSite","@id":"http:\/\/www.apartments-frgacic-baska.com\/#website","url":"http:\/\/www.apartments-frgacic-baska.com\/","name":"Apartments Frgacic Baska","description":"Apartments in Baska, island Krk","potentialAction":[{"@type":"SearchAction","target":{"@type":"EntryPoint","urlTemplate":"http:\/\/www.apartments-frgacic-baska.com\/?s={search_term_string}"},"query-input":"required name=search_term_string"}],"inLanguage":"hr"}]}},"_links":{"self":[{"href":"http:\/\/www.apartments-frgacic-baska.com\/hr\/wp-json\/wp\/v2\/pages\/2686"}],"collection":[{"href":"http:\/\/www.apartments-frgacic-baska.com\/hr\/wp-json\/wp\/v2\/pages"}],"about":[{"href":"http:\/\/www.apartments-frgacic-baska.com\/hr\/wp-json\/wp\/v2\/types\/page"}],"author":[{"embeddable":true,"href":"http:\/\/www.apartments-frgacic-baska.com\/hr\/wp-json\/wp\/v2\/users\/1"}],"replies":[{"embeddable":true,"href":"http:\/\/www.apartments-frgacic-baska.com\/hr\/wp-json\/wp\/v2\/comments?post=2686"}],"version-history":[{"count":7,"href":"http:\/\/www.apartments-frgacic-baska.com\/hr\/wp-json\/wp\/v2\/pages\/2686\/revisions"}],"predecessor-version":[{"id":5004,"href":"http:\/\/www.apartments-frgacic-baska.com\/hr\/wp-json\/wp\/v2\/pages\/2686\/revisions\/5004"}],"wp:attachment":[{"href":"http:\/\/www.apartments-frgacic-baska.com\/hr\/wp-json\/wp\/v2\/media?parent=2686"}],"curies":[{"name":"wp","href":"https:\/\/api.w.org\/{rel}","templated":true}]}}